{"id":2215,"date":"2024-10-14T09:59:19","date_gmt":"2024-10-14T07:59:19","guid":{"rendered":"https:\/\/jfvalls.panelserver.org\/?page_id=2215"},"modified":"2024-10-24T09:59:02","modified_gmt":"2024-10-24T07:59:02","slug":"calidades","status":"publish","type":"page","link":"https:\/\/www.jfvalls.com\/es\/calidades\/","title":{"rendered":"Calidades"},"content":{"rendered":"\t\t<div data-elementor-type=\"wp-page\" data-elementor-id=\"2215\" class=\"elementor elementor-2215 elementor-2214\" data-elementor-post-type=\"page\">\n\t\t\t\t\t\t<section class=\"elementor-section elementor-top-section elementor-element elementor-element-99c6196 elementor-section-stretched elementor-section-full_width elementor-section-height-default elementor-section-height-default\" data-id=\"99c6196\" data-element_type=\"section\" data-settings=\"{&quot;stretch_section&quot;:&quot;section-stretched&quot;,&quot;background_background&quot;:&quot;classic&quot;}\">\n\t\t\t\t\t\t<div class=\"elementor-container elementor-column-gap-wider\">\n\t\t\t\t\t<div class=\"elementor-column elementor-col-50 elementor-top-column elementor-element elementor-element-bb713cc\" data-id=\"bb713cc\" data-element_type=\"column\">\n\t\t\t<div class=\"elementor-widget-wrap elementor-element-populated\">\n\t\t\t\t\t\t<section class=\"elementor-section elementor-inner-section elementor-element elementor-element-af34251 elementor-reverse-mobile elementor-section-boxed elementor-section-height-default elementor-section-height-default\" data-id=\"af34251\" data-element_type=\"section\" data-settings=\"{&quot;background_background&quot;:&quot;classic&quot;}\">\n\t\t\t\t\t\t<div class=\"elementor-container elementor-column-gap-default\">\n\t\t\t\t\t<div class=\"elementor-column elementor-col-100 elementor-inner-column elementor-element elementor-element-69c9def\" data-id=\"69c9def\" data-element_type=\"column\">\n\t\t\t<div class=\"elementor-widget-wrap elementor-element-populated\">\n\t\t\t\t\t\t<div class=\"elementor-element elementor-element-8e081e9 elementor-widget elementor-widget-text-editor\" data-id=\"8e081e9\" data-element_type=\"widget\" data-widget_type=\"text-editor.default\">\n\t\t\t\t<div class=\"elementor-widget-container\">\n\t\t\t\t\t\t\t<p>Calidades<\/p>\t\t\t\t\t\t<\/div>\n\t\t\t\t<\/div>\n\t\t\t\t\t<\/div>\n\t\t<\/div>\n\t\t\t\t\t<\/div>\n\t\t<\/section>\n\t\t\t\t<section class=\"elementor-section elementor-inner-section elementor-element elementor-element-74a2d12 elementor-section-boxed elementor-section-height-default elementor-section-height-default\" data-id=\"74a2d12\" data-element_type=\"section\" data-settings=\"{&quot;background_background&quot;:&quot;classic&quot;}\">\n\t\t\t\t\t\t<div class=\"elementor-container elementor-column-gap-default\">\n\t\t\t\t\t<div class=\"elementor-column elementor-col-100 elementor-inner-column elementor-element elementor-element-31fa339\" data-id=\"31fa339\" data-element_type=\"column\">\n\t\t\t<div class=\"elementor-widget-wrap elementor-element-populated\">\n\t\t\t\t\t\t<div class=\"elementor-element elementor-element-886f619 elementor-widget elementor-widget-text-editor\" data-id=\"886f619\" data-element_type=\"widget\" data-widget_type=\"text-editor.default\">\n\t\t\t\t<div class=\"elementor-widget-container\">\n\t\t\t\t\t\t\t<p>Trabajamos con las mejores marcas del mercado para ofrecer los acabados impecables<\/p>\n\t\t\t\t\t\t<\/div>\n\t\t\t\t<\/div>\n\t\t\t\t\t<\/div>\n\t\t<\/div>\n\t\t\t\t\t<\/div>\n\t\t<\/section>\n\t\t\t\t\t<\/div>\n\t\t<\/div>\n\t\t\t\t<div class=\"elementor-column elementor-col-50 elementor-top-column elementor-element elementor-element-c6ab86c\" data-id=\"c6ab86c\" data-element_type=\"column\" data-settings=\"{&quot;background_background&quot;:&quot;classic&quot;}\">\n\t\t\t<div class=\"elementor-widget-wrap elementor-element-populated\">\n\t\t\t\t\t\t<div class=\"elementor-element elementor-element-798a972 elementor-widget elementor-widget-spacer\" data-id=\"798a972\" data-element_type=\"widget\" data-widget_type=\"spacer.default\">\n\t\t\t\t<div class=\"elementor-widget-container\">\n\t\t\t\t\t<div class=\"elementor-spacer\">\n\t\t\t<div class=\"elementor-spacer-inner\"><\/div>\n\t\t<\/div>\n\t\t\t\t<\/div>\n\t\t\t\t<\/div>\n\t\t\t\t\t<\/div>\n\t\t<\/div>\n\t\t\t\t\t<\/div>\n\t\t<\/section>\n\t\t<div class=\"elementor-element elementor-element-5681848 e-con-full e-flex e-con e-parent\" data-id=\"5681848\" data-element_type=\"container\">\n\t\t\t\t<div class=\"elementor-element elementor-element-219334f elementor-widget elementor-widget-gallery\" data-id=\"219334f\" data-element_type=\"widget\" data-settings=\"{&quot;gallery_layout&quot;:&quot;masonry&quot;,&quot;lazyload&quot;:&quot;yes&quot;,&quot;columns&quot;:4,&quot;columns_tablet&quot;:2,&quot;columns_mobile&quot;:1,&quot;gap&quot;:{&quot;unit&quot;:&quot;px&quot;,&quot;size&quot;:10,&quot;sizes&quot;:[]},&quot;gap_tablet&quot;:{&quot;unit&quot;:&quot;px&quot;,&quot;size&quot;:10,&quot;sizes&quot;:[]},&quot;gap_mobile&quot;:{&quot;unit&quot;:&quot;px&quot;,&quot;size&quot;:10,&quot;sizes&quot;:[]},&quot;link_to&quot;:&quot;file&quot;,&quot;overlay_background&quot;:&quot;yes&quot;,&quot;content_hover_animation&quot;:&quot;fade-in&quot;}\" data-widget_type=\"gallery.default\">\n\t\t\t\t<div class=\"elementor-widget-container\">\n\t\t\t\t\t<div class=\"elementor-gallery__container\">\n\t\t\t\t\t\t\t<a class=\"e-gallery-item elementor-gallery-item elementor-animated-content\" href=\"https:\/\/www.jfvalls.com\/wp-content\/uploads\/2024\/07\/escala-scaled.jpg\" data-elementor-open-lightbox=\"yes\" data-elementor-lightbox-slideshow=\"219334f\" data-elementor-lightbox-title=\"escala\" data-e-action-hash=\"#elementor-action%3Aaction%3Dlightbox%26settings%3DeyJpZCI6MTc5NywidXJsIjoiaHR0cHM6XC9cL3d3dy5qZnZhbGxzLmNvbVwvd3AtY29udGVudFwvdXBsb2Fkc1wvMjAyNFwvMDdcL2VzY2FsYS1zY2FsZWQuanBnIiwic2xpZGVzaG93IjoiMjE5MzM0ZiJ9\">\n\t\t\t\t\t<div class=\"e-gallery-image elementor-gallery-item__image\" data-thumbnail=\"https:\/\/www.jfvalls.com\/wp-content\/uploads\/2024\/07\/escala-scaled.jpg\" data-width=\"2560\" data-height=\"1706\" aria-label=\"\" role=\"img\" ><\/div>\n\t\t\t\t\t\t\t\t\t\t\t<div class=\"elementor-gallery-item__overlay\"><\/div>\n\t\t\t\t\t\t\t\t\t\t\t\t\t\t<\/a>\n\t\t\t\t\t\t\t<a class=\"e-gallery-item elementor-gallery-item elementor-animated-content\" href=\"https:\/\/www.jfvalls.com\/wp-content\/uploads\/2024\/07\/acabats-porta-scaled.jpeg\" data-elementor-open-lightbox=\"yes\" data-elementor-lightbox-slideshow=\"219334f\" data-elementor-lightbox-title=\"acabats-porta\" data-e-action-hash=\"#elementor-action%3Aaction%3Dlightbox%26settings%3DeyJpZCI6MTc4MywidXJsIjoiaHR0cHM6XC9cL3d3dy5qZnZhbGxzLmNvbVwvd3AtY29udGVudFwvdXBsb2Fkc1wvMjAyNFwvMDdcL2FjYWJhdHMtcG9ydGEtc2NhbGVkLmpwZWciLCJzbGlkZXNob3ciOiIyMTkzMzRmIn0%3D\">\n\t\t\t\t\t<div class=\"e-gallery-image elementor-gallery-item__image\" data-thumbnail=\"https:\/\/www.jfvalls.com\/wp-content\/uploads\/2024\/07\/acabats-porta-scaled.jpeg\" data-width=\"1920\" data-height=\"2560\" aria-label=\"\" role=\"img\" ><\/div>\n\t\t\t\t\t\t\t\t\t\t\t<div class=\"elementor-gallery-item__overlay\"><\/div>\n\t\t\t\t\t\t\t\t\t\t\t\t\t\t<\/a>\n\t\t\t\t\t\t\t<a class=\"e-gallery-item elementor-gallery-item elementor-animated-content\" href=\"https:\/\/www.jfvalls.com\/wp-content\/uploads\/2024\/07\/cuina-scaled.jpg\" data-elementor-open-lightbox=\"yes\" data-elementor-lightbox-slideshow=\"219334f\" data-elementor-lightbox-title=\"cuina\" data-e-action-hash=\"#elementor-action%3Aaction%3Dlightbox%26settings%3DeyJpZCI6MTc4OSwidXJsIjoiaHR0cHM6XC9cL3d3dy5qZnZhbGxzLmNvbVwvd3AtY29udGVudFwvdXBsb2Fkc1wvMjAyNFwvMDdcL2N1aW5hLXNjYWxlZC5qcGciLCJzbGlkZXNob3ciOiIyMTkzMzRmIn0%3D\">\n\t\t\t\t\t<div class=\"e-gallery-image elementor-gallery-item__image\" data-thumbnail=\"https:\/\/www.jfvalls.com\/wp-content\/uploads\/2024\/07\/cuina-scaled.jpg\" data-width=\"2560\" data-height=\"1707\" aria-label=\"\" role=\"img\" ><\/div>\n\t\t\t\t\t\t\t\t\t\t\t<div class=\"elementor-gallery-item__overlay\"><\/div>\n\t\t\t\t\t\t\t\t\t\t\t\t\t\t<\/a>\n\t\t\t\t\t\t\t<a class=\"e-gallery-item elementor-gallery-item elementor-animated-content\" href=\"https:\/\/www.jfvalls.com\/wp-content\/uploads\/2024\/07\/detalls-scaled.jpg\" data-elementor-open-lightbox=\"yes\" data-elementor-lightbox-slideshow=\"219334f\" data-elementor-lightbox-title=\"detalls\" data-e-action-hash=\"#elementor-action%3Aaction%3Dlightbox%26settings%3DeyJpZCI6MTc5MSwidXJsIjoiaHR0cHM6XC9cL3d3dy5qZnZhbGxzLmNvbVwvd3AtY29udGVudFwvdXBsb2Fkc1wvMjAyNFwvMDdcL2RldGFsbHMtc2NhbGVkLmpwZyIsInNsaWRlc2hvdyI6IjIxOTMzNGYifQ%3D%3D\">\n\t\t\t\t\t<div class=\"e-gallery-image elementor-gallery-item__image\" data-thumbnail=\"https:\/\/www.jfvalls.com\/wp-content\/uploads\/2024\/07\/detalls-scaled.jpg\" data-width=\"2560\" data-height=\"1890\" aria-label=\"\" role=\"img\" ><\/div>\n\t\t\t\t\t\t\t\t\t\t\t<div class=\"elementor-gallery-item__overlay\"><\/div>\n\t\t\t\t\t\t\t\t\t\t\t\t\t\t<\/a>\n\t\t\t\t\t\t\t<a class=\"e-gallery-item elementor-gallery-item elementor-animated-content\" href=\"https:\/\/www.jfvalls.com\/wp-content\/uploads\/2024\/07\/menjador-scaled.jpg\" data-elementor-open-lightbox=\"yes\" data-elementor-lightbox-slideshow=\"219334f\" data-elementor-lightbox-title=\"menjador\" data-e-action-hash=\"#elementor-action%3Aaction%3Dlightbox%26settings%3DeyJpZCI6MTgwMSwidXJsIjoiaHR0cHM6XC9cL3d3dy5qZnZhbGxzLmNvbVwvd3AtY29udGVudFwvdXBsb2Fkc1wvMjAyNFwvMDdcL21lbmphZG9yLXNjYWxlZC5qcGciLCJzbGlkZXNob3ciOiIyMTkzMzRmIn0%3D\">\n\t\t\t\t\t<div class=\"e-gallery-image elementor-gallery-item__image\" data-thumbnail=\"https:\/\/www.jfvalls.com\/wp-content\/uploads\/2024\/07\/menjador-scaled.jpg\" data-width=\"2560\" data-height=\"1706\" aria-label=\"\" role=\"img\" ><\/div>\n\t\t\t\t\t\t\t\t\t\t\t<div class=\"elementor-gallery-item__overlay\"><\/div>\n\t\t\t\t\t\t\t\t\t\t\t\t\t\t<\/a>\n\t\t\t\t\t\t\t<a class=\"e-gallery-item elementor-gallery-item elementor-animated-content\" href=\"https:\/\/www.jfvalls.com\/wp-content\/uploads\/2024\/07\/bany_doble-scaled.jpg\" data-elementor-open-lightbox=\"yes\" data-elementor-lightbox-slideshow=\"219334f\" data-elementor-lightbox-title=\"bany_doble\" data-e-action-hash=\"#elementor-action%3Aaction%3Dlightbox%26settings%3DeyJpZCI6MTc4NywidXJsIjoiaHR0cHM6XC9cL3d3dy5qZnZhbGxzLmNvbVwvd3AtY29udGVudFwvdXBsb2Fkc1wvMjAyNFwvMDdcL2JhbnlfZG9ibGUtc2NhbGVkLmpwZyIsInNsaWRlc2hvdyI6IjIxOTMzNGYifQ%3D%3D\">\n\t\t\t\t\t<div class=\"e-gallery-image elementor-gallery-item__image\" data-thumbnail=\"https:\/\/www.jfvalls.com\/wp-content\/uploads\/2024\/07\/bany_doble-scaled.jpg\" data-width=\"1707\" data-height=\"2560\" aria-label=\"\" role=\"img\" ><\/div>\n\t\t\t\t\t\t\t\t\t\t\t<div class=\"elementor-gallery-item__overlay\"><\/div>\n\t\t\t\t\t\t\t\t\t\t\t\t\t\t<\/a>\n\t\t\t\t\t\t\t<a class=\"e-gallery-item elementor-gallery-item elementor-animated-content\" href=\"https:\/\/www.jfvalls.com\/wp-content\/uploads\/2024\/07\/dutxa-completa-scaled.jpg\" data-elementor-open-lightbox=\"yes\" data-elementor-lightbox-slideshow=\"219334f\" data-elementor-lightbox-title=\"dutxa-completa\" data-e-action-hash=\"#elementor-action%3Aaction%3Dlightbox%26settings%3DeyJpZCI6MTc5NSwidXJsIjoiaHR0cHM6XC9cL3d3dy5qZnZhbGxzLmNvbVwvd3AtY29udGVudFwvdXBsb2Fkc1wvMjAyNFwvMDdcL2R1dHhhLWNvbXBsZXRhLXNjYWxlZC5qcGciLCJzbGlkZXNob3ciOiIyMTkzMzRmIn0%3D\">\n\t\t\t\t\t<div class=\"e-gallery-image elementor-gallery-item__image\" data-thumbnail=\"https:\/\/www.jfvalls.com\/wp-content\/uploads\/2024\/07\/dutxa-completa-scaled.jpg\" data-width=\"1707\" data-height=\"2560\" aria-label=\"\" role=\"img\" ><\/div>\n\t\t\t\t\t\t\t\t\t\t\t<div class=\"elementor-gallery-item__overlay\"><\/div>\n\t\t\t\t\t\t\t\t\t\t\t\t\t\t<\/a>\n\t\t\t\t\t\t\t<a class=\"e-gallery-item elementor-gallery-item elementor-animated-content\" href=\"https:\/\/www.jfvalls.com\/wp-content\/uploads\/2024\/07\/dutxa-scaled.jpg\" data-elementor-open-lightbox=\"yes\" data-elementor-lightbox-slideshow=\"219334f\" data-elementor-lightbox-title=\"dutxa\" data-e-action-hash=\"#elementor-action%3Aaction%3Dlightbox%26settings%3DeyJpZCI6MTc5MywidXJsIjoiaHR0cHM6XC9cL3d3dy5qZnZhbGxzLmNvbVwvd3AtY29udGVudFwvdXBsb2Fkc1wvMjAyNFwvMDdcL2R1dHhhLXNjYWxlZC5qcGciLCJzbGlkZXNob3ciOiIyMTkzMzRmIn0%3D\">\n\t\t\t\t\t<div class=\"e-gallery-image elementor-gallery-item__image\" data-thumbnail=\"https:\/\/www.jfvalls.com\/wp-content\/uploads\/2024\/07\/dutxa-scaled.jpg\" data-width=\"1707\" data-height=\"2560\" aria-label=\"\" role=\"img\" ><\/div>\n\t\t\t\t\t\t\t\t\t\t\t<div class=\"elementor-gallery-item__overlay\"><\/div>\n\t\t\t\t\t\t\t\t\t\t\t\t\t\t<\/a>\n\t\t\t\t\t\t\t<a class=\"e-gallery-item elementor-gallery-item elementor-animated-content\" href=\"https:\/\/www.jfvalls.com\/wp-content\/uploads\/2024\/07\/jfv-101-scaled.jpg\" data-elementor-open-lightbox=\"yes\" data-elementor-lightbox-slideshow=\"219334f\" data-elementor-lightbox-title=\"jfv-101\" data-e-action-hash=\"#elementor-action%3Aaction%3Dlightbox%26settings%3DeyJpZCI6MTc5OSwidXJsIjoiaHR0cHM6XC9cL3d3dy5qZnZhbGxzLmNvbVwvd3AtY29udGVudFwvdXBsb2Fkc1wvMjAyNFwvMDdcL2pmdi0xMDEtc2NhbGVkLmpwZyIsInNsaWRlc2hvdyI6IjIxOTMzNGYifQ%3D%3D\">\n\t\t\t\t\t<div class=\"e-gallery-image elementor-gallery-item__image\" data-thumbnail=\"https:\/\/www.jfvalls.com\/wp-content\/uploads\/2024\/07\/jfv-101-scaled.jpg\" data-width=\"1707\" data-height=\"2560\" aria-label=\"\" role=\"img\" ><\/div>\n\t\t\t\t\t\t\t\t\t\t\t<div class=\"elementor-gallery-item__overlay\"><\/div>\n\t\t\t\t\t\t\t\t\t\t\t\t\t\t<\/a>\n\t\t\t\t\t\t\t<a class=\"e-gallery-item elementor-gallery-item elementor-animated-content\" href=\"https:\/\/www.jfvalls.com\/wp-content\/uploads\/2024\/07\/Bany-scaled.jpg\" data-elementor-open-lightbox=\"yes\" data-elementor-lightbox-slideshow=\"219334f\" data-elementor-lightbox-title=\"Bany\" data-e-action-hash=\"#elementor-action%3Aaction%3Dlightbox%26settings%3DeyJpZCI6MTc4NSwidXJsIjoiaHR0cHM6XC9cL3d3dy5qZnZhbGxzLmNvbVwvd3AtY29udGVudFwvdXBsb2Fkc1wvMjAyNFwvMDdcL0Jhbnktc2NhbGVkLmpwZyIsInNsaWRlc2hvdyI6IjIxOTMzNGYifQ%3D%3D\">\n\t\t\t\t\t<div class=\"e-gallery-image elementor-gallery-item__image\" data-thumbnail=\"https:\/\/www.jfvalls.com\/wp-content\/uploads\/2024\/07\/Bany-scaled.jpg\" data-width=\"2560\" data-height=\"1707\" aria-label=\"\" role=\"img\" ><\/div>\n\t\t\t\t\t\t\t\t\t\t\t<div class=\"elementor-gallery-item__overlay\"><\/div>\n\t\t\t\t\t\t\t\t\t\t\t\t\t\t<\/a>\n\t\t\t\t\t\t\t<a class=\"e-gallery-item elementor-gallery-item elementor-animated-content\" href=\"https:\/\/www.jfvalls.com\/wp-content\/uploads\/2024\/07\/terrassa-scaled.jpg\" data-elementor-open-lightbox=\"yes\" data-elementor-lightbox-slideshow=\"219334f\" data-elementor-lightbox-title=\"terrassa\" data-e-action-hash=\"#elementor-action%3Aaction%3Dlightbox%26settings%3DeyJpZCI6MTgwMywidXJsIjoiaHR0cHM6XC9cL3d3dy5qZnZhbGxzLmNvbVwvd3AtY29udGVudFwvdXBsb2Fkc1wvMjAyNFwvMDdcL3RlcnJhc3NhLXNjYWxlZC5qcGciLCJzbGlkZXNob3ciOiIyMTkzMzRmIn0%3D\">\n\t\t\t\t\t<div class=\"e-gallery-image elementor-gallery-item__image\" data-thumbnail=\"https:\/\/www.jfvalls.com\/wp-content\/uploads\/2024\/07\/terrassa-scaled.jpg\" data-width=\"2560\" data-height=\"1707\" aria-label=\"\" role=\"img\" ><\/div>\n\t\t\t\t\t\t\t\t\t\t\t<div class=\"elementor-gallery-item__overlay\"><\/div>\n\t\t\t\t\t\t\t\t\t\t\t\t\t\t<\/a>\n\t\t\t\t\t<\/div>\n\t\t\t<\/div>\n\t\t\t\t<\/div>\n\t\t\t\t<\/div>\n\t\t\t\t<\/div>\n\t\t","protected":false},"excerpt":{"rendered":"<p>Calidades Trabajamos con las mejores marcas del mercado para ofrecer los acabados impecables<\/p>\n","protected":false},"author":7,"featured_media":0,"parent":0,"menu_order":600,"comment_status":"closed","ping_status":"closed","template":"","meta":{"_joinchat":[],"footnotes":""},"class_list":["post-2215","page","type-page","status-publish","hentry"],"yoast_head":"<!-- This site is optimized with the Yoast SEO plugin v24.0 - https:\/\/yoast.com\/wordpress\/plugins\/seo\/ -->\n<title>Calidades - J.F. VALLS, construcci\u00f3, obres, reformes, cases, en sant vicens horts<\/title>\n<meta name=\"robots\" content=\"index, follow, max-snippet:-1, max-image-preview:large, max-video-preview:-1\" \/>\n<link rel=\"canonical\" href=\"https:\/\/www.jfvalls.com\/es\/calidades\/\" \/>\n<meta property=\"og:locale\" content=\"es_ES\" \/>\n<meta property=\"og:type\" content=\"article\" \/>\n<meta property=\"og:title\" content=\"Calidades - J.F. VALLS, construcci\u00f3, obres, reformes, cases, en sant vicens horts\" \/>\n<meta property=\"og:description\" content=\"Calidades Trabajamos con las mejores marcas del mercado para ofrecer los acabados impecables\" \/>\n<meta property=\"og:url\" content=\"https:\/\/www.jfvalls.com\/es\/calidades\/\" \/>\n<meta property=\"og:site_name\" content=\"J.F. VALLS, construcci\u00f3, obres, reformes, cases, en sant vicens horts\" \/>\n<meta property=\"article:modified_time\" content=\"2024-10-24T07:59:02+00:00\" \/>\n<meta name=\"twitter:card\" content=\"summary_large_image\" \/>\n<meta name=\"twitter:label1\" content=\"Tiempo de lectura\" \/>\n\t<meta name=\"twitter:data1\" content=\"1 minuto\" \/>\n<script type=\"application\/ld+json\" class=\"yoast-schema-graph\">{\"@context\":\"https:\/\/schema.org\",\"@graph\":[{\"@type\":\"WebPage\",\"@id\":\"https:\/\/www.jfvalls.com\/es\/calidades\/\",\"url\":\"https:\/\/www.jfvalls.com\/es\/calidades\/\",\"name\":\"Calidades - J.F. VALLS, construcci\u00f3, obres, reformes, cases, en sant vicens horts\",\"isPartOf\":{\"@id\":\"https:\/\/www.jfvalls.com\/#website\"},\"datePublished\":\"2024-10-14T07:59:19+00:00\",\"dateModified\":\"2024-10-24T07:59:02+00:00\",\"breadcrumb\":{\"@id\":\"https:\/\/www.jfvalls.com\/es\/calidades\/#breadcrumb\"},\"inLanguage\":\"es\",\"potentialAction\":[{\"@type\":\"ReadAction\",\"target\":[\"https:\/\/www.jfvalls.com\/es\/calidades\/\"]}]},{\"@type\":\"BreadcrumbList\",\"@id\":\"https:\/\/www.jfvalls.com\/es\/calidades\/#breadcrumb\",\"itemListElement\":[{\"@type\":\"ListItem\",\"position\":1,\"name\":\"Home\",\"item\":\"https:\/\/www.jfvalls.com\/es\/\"},{\"@type\":\"ListItem\",\"position\":2,\"name\":\"Calidades\"}]},{\"@type\":\"WebSite\",\"@id\":\"https:\/\/www.jfvalls.com\/#website\",\"url\":\"https:\/\/www.jfvalls.com\/\",\"name\":\"J.F. VALLS, construcci\u00f3, obres, reformes, cases, en sant vicens horts\",\"description\":\"J.F. VALLS, construcci\u00f3, reformes, construcci\u00f3 cases, reformes pisos, en sant vicens horts\",\"publisher\":{\"@id\":\"https:\/\/www.jfvalls.com\/#organization\"},\"potentialAction\":[{\"@type\":\"SearchAction\",\"target\":{\"@type\":\"EntryPoint\",\"urlTemplate\":\"https:\/\/www.jfvalls.com\/?s={search_term_string}\"},\"query-input\":{\"@type\":\"PropertyValueSpecification\",\"valueRequired\":true,\"valueName\":\"search_term_string\"}}],\"inLanguage\":\"es\"},{\"@type\":\"Organization\",\"@id\":\"https:\/\/www.jfvalls.com\/#organization\",\"name\":\"afondos.com\",\"url\":\"https:\/\/www.jfvalls.com\/\",\"logo\":{\"@type\":\"ImageObject\",\"inLanguage\":\"es\",\"@id\":\"https:\/\/www.jfvalls.com\/#\/schema\/logo\/image\/\",\"url\":\"https:\/\/www.jfvalls.com\/wp-content\/uploads\/2022\/07\/afondo-round.png\",\"contentUrl\":\"https:\/\/www.jfvalls.com\/wp-content\/uploads\/2022\/07\/afondo-round.png\",\"width\":85,\"height\":89,\"caption\":\"afondos.com\"},\"image\":{\"@id\":\"https:\/\/www.jfvalls.com\/#\/schema\/logo\/image\/\"}}]}<\/script>\n<!-- \/ Yoast SEO plugin. -->","yoast_head_json":{"title":"Calidades - J.F. VALLS, construcci\u00f3, obres, reformes, cases, en sant vicens horts","robots":{"index":"index","follow":"follow","max-snippet":"max-snippet:-1","max-image-preview":"max-image-preview:large","max-video-preview":"max-video-preview:-1"},"canonical":"https:\/\/www.jfvalls.com\/es\/calidades\/","og_locale":"es_ES","og_type":"article","og_title":"Calidades - J.F. VALLS, construcci\u00f3, obres, reformes, cases, en sant vicens horts","og_description":"Calidades Trabajamos con las mejores marcas del mercado para ofrecer los acabados impecables","og_url":"https:\/\/www.jfvalls.com\/es\/calidades\/","og_site_name":"J.F. VALLS, construcci\u00f3, obres, reformes, cases, en sant vicens horts","article_modified_time":"2024-10-24T07:59:02+00:00","twitter_card":"summary_large_image","twitter_misc":{"Tiempo de lectura":"1 minuto"},"schema":{"@context":"https:\/\/schema.org","@graph":[{"@type":"WebPage","@id":"https:\/\/www.jfvalls.com\/es\/calidades\/","url":"https:\/\/www.jfvalls.com\/es\/calidades\/","name":"Calidades - J.F. VALLS, construcci\u00f3, obres, reformes, cases, en sant vicens horts","isPartOf":{"@id":"https:\/\/www.jfvalls.com\/#website"},"datePublished":"2024-10-14T07:59:19+00:00","dateModified":"2024-10-24T07:59:02+00:00","breadcrumb":{"@id":"https:\/\/www.jfvalls.com\/es\/calidades\/#breadcrumb"},"inLanguage":"es","potentialAction":[{"@type":"ReadAction","target":["https:\/\/www.jfvalls.com\/es\/calidades\/"]}]},{"@type":"BreadcrumbList","@id":"https:\/\/www.jfvalls.com\/es\/calidades\/#breadcrumb","itemListElement":[{"@type":"ListItem","position":1,"name":"Home","item":"https:\/\/www.jfvalls.com\/es\/"},{"@type":"ListItem","position":2,"name":"Calidades"}]},{"@type":"WebSite","@id":"https:\/\/www.jfvalls.com\/#website","url":"https:\/\/www.jfvalls.com\/","name":"J.F. VALLS, construcci\u00f3, obres, reformes, cases, en sant vicens horts","description":"J.F. VALLS, construcci\u00f3, reformes, construcci\u00f3 cases, reformes pisos, en sant vicens horts","publisher":{"@id":"https:\/\/www.jfvalls.com\/#organization"},"potentialAction":[{"@type":"SearchAction","target":{"@type":"EntryPoint","urlTemplate":"https:\/\/www.jfvalls.com\/?s={search_term_string}"},"query-input":{"@type":"PropertyValueSpecification","valueRequired":true,"valueName":"search_term_string"}}],"inLanguage":"es"},{"@type":"Organization","@id":"https:\/\/www.jfvalls.com\/#organization","name":"afondos.com","url":"https:\/\/www.jfvalls.com\/","logo":{"@type":"ImageObject","inLanguage":"es","@id":"https:\/\/www.jfvalls.com\/#\/schema\/logo\/image\/","url":"https:\/\/www.jfvalls.com\/wp-content\/uploads\/2022\/07\/afondo-round.png","contentUrl":"https:\/\/www.jfvalls.com\/wp-content\/uploads\/2022\/07\/afondo-round.png","width":85,"height":89,"caption":"afondos.com"},"image":{"@id":"https:\/\/www.jfvalls.com\/#\/schema\/logo\/image\/"}}]}},"_links":{"self":[{"href":"https:\/\/www.jfvalls.com\/es\/wp-json\/wp\/v2\/pages\/2215"}],"collection":[{"href":"https:\/\/www.jfvalls.com\/es\/wp-json\/wp\/v2\/pages"}],"about":[{"href":"https:\/\/www.jfvalls.com\/es\/wp-json\/wp\/v2\/types\/page"}],"author":[{"embeddable":true,"href":"https:\/\/www.jfvalls.com\/es\/wp-json\/wp\/v2\/users\/7"}],"replies":[{"embeddable":true,"href":"https:\/\/www.jfvalls.com\/es\/wp-json\/wp\/v2\/comments?post=2215"}],"version-history":[{"count":12,"href":"https:\/\/www.jfvalls.com\/es\/wp-json\/wp\/v2\/pages\/2215\/revisions"}],"predecessor-version":[{"id":2653,"href":"https:\/\/www.jfvalls.com\/es\/wp-json\/wp\/v2\/pages\/2215\/revisions\/2653"}],"wp:attachment":[{"href":"https:\/\/www.jfvalls.com\/es\/wp-json\/wp\/v2\/media?parent=2215"}],"curies":[{"name":"wp","href":"https:\/\/api.w.org\/{rel}","templated":true}]}}