{"id":1511,"date":"2023-10-20T09:39:53","date_gmt":"2023-10-20T07:39:53","guid":{"rendered":"https:\/\/www.jfvalls.com\/?page_id=1511"},"modified":"2024-10-29T10:47:22","modified_gmt":"2024-10-29T09:47:22","slug":"contacto","status":"publish","type":"page","link":"https:\/\/www.jfvalls.com\/es\/contacto\/","title":{"rendered":"Contacto"},"content":{"rendered":"\t\t<div data-elementor-type=\"wp-page\" data-elementor-id=\"1511\" class=\"elementor elementor-1511\" data-elementor-post-type=\"page\">\n\t\t\t\t\t\t<section class=\"elementor-section elementor-top-section elementor-element elementor-element-a621b81 elementor-section-stretched elementor-section-full_width elementor-section-height-default elementor-section-height-default\" data-id=\"a621b81\" data-element_type=\"section\" data-settings=\"{&quot;stretch_section&quot;:&quot;section-stretched&quot;,&quot;background_background&quot;:&quot;classic&quot;}\">\n\t\t\t\t\t\t<div class=\"elementor-container elementor-column-gap-wider\">\n\t\t\t\t\t<div class=\"elementor-column elementor-col-50 elementor-top-column elementor-element elementor-element-2450122\" data-id=\"2450122\" data-element_type=\"column\">\n\t\t\t<div class=\"elementor-widget-wrap elementor-element-populated\">\n\t\t\t\t\t\t<section class=\"elementor-section elementor-inner-section elementor-element elementor-element-e5e37ec elementor-section-boxed elementor-section-height-default elementor-section-height-default\" data-id=\"e5e37ec\" data-element_type=\"section\" data-settings=\"{&quot;background_background&quot;:&quot;classic&quot;}\">\n\t\t\t\t\t\t<div class=\"elementor-container elementor-column-gap-default\">\n\t\t\t\t\t<div class=\"elementor-column elementor-col-100 elementor-inner-column elementor-element elementor-element-56ab052\" data-id=\"56ab052\" data-element_type=\"column\">\n\t\t\t<div class=\"elementor-widget-wrap elementor-element-populated\">\n\t\t\t\t\t\t<div class=\"elementor-element elementor-element-afa08a3 elementor-widget elementor-widget-text-editor\" data-id=\"afa08a3\" data-element_type=\"widget\" data-widget_type=\"text-editor.default\">\n\t\t\t\t<div class=\"elementor-widget-container\">\n\t\t\t\t\t\t\t<p>Contacto<\/p>\t\t\t\t\t\t<\/div>\n\t\t\t\t<\/div>\n\t\t\t\t<div class=\"elementor-element elementor-element-1ce4edc elementor-widget elementor-widget-text-editor\" data-id=\"1ce4edc\" data-element_type=\"widget\" data-widget_type=\"text-editor.default\">\n\t\t\t\t<div class=\"elementor-widget-container\">\n\t\t\t\t\t\t\t<h3 style=\"font-weight: 800;\">Solicite informaci\u00f3n de nuestras promociones<\/h3><p style=\"font-size: 19px;\">Si tienes un proyecto, no lo dudes, solicita informaci\u00f3n sin compromiso.<\/p><p>Tel\u00e9fono y Whatsapp:<\/p><p><strong><a style=\"letter-spacing: 0px; color: #000;\" href=\"http:\/\/tel:+34936562962\" target=\"_blank\" rel=\"noopener\"> 93 656 29 62<\/a><\/strong><\/p>\t\t\t\t\t\t<\/div>\n\t\t\t\t<\/div>\n\t\t\t\t\t<\/div>\n\t\t<\/div>\n\t\t\t\t\t<\/div>\n\t\t<\/section>\n\t\t\t\t\t<\/div>\n\t\t<\/div>\n\t\t\t\t<div class=\"elementor-column elementor-col-50 elementor-top-column elementor-element elementor-element-4ae06bf\" data-id=\"4ae06bf\" data-element_type=\"column\" data-settings=\"{&quot;background_background&quot;:&quot;classic&quot;}\">\n\t\t\t<div class=\"elementor-widget-wrap elementor-element-populated\">\n\t\t\t\t\t\t<div class=\"elementor-element elementor-element-b7dec2a elementor-widget elementor-widget-spacer\" data-id=\"b7dec2a\" data-element_type=\"widget\" data-widget_type=\"spacer.default\">\n\t\t\t\t<div class=\"elementor-widget-container\">\n\t\t\t\t\t<div class=\"elementor-spacer\">\n\t\t\t<div class=\"elementor-spacer-inner\"><\/div>\n\t\t<\/div>\n\t\t\t\t<\/div>\n\t\t\t\t<\/div>\n\t\t\t\t\t<\/div>\n\t\t<\/div>\n\t\t\t\t\t<\/div>\n\t\t<\/section>\n\t\t<div class=\"elementor-element elementor-element-de3385f e-con-full e-flex e-con e-parent\" data-id=\"de3385f\" data-element_type=\"container\" data-settings=\"{&quot;background_background&quot;:&quot;classic&quot;}\">\n\t\t\t\t<div class=\"elementor-element elementor-element-82de7e9 elementor-widget elementor-widget-text-editor\" data-id=\"82de7e9\" data-element_type=\"widget\" data-widget_type=\"text-editor.default\">\n\t\t\t\t<div class=\"elementor-widget-container\">\n\t\t\t\t\t\t\t<p><iframe src=\"https:\/\/www.google.com\/maps\/embed?pb=!1m18!1m12!1m3!1d2992.9586664680287!2d2.007725176671184!3d41.39670399541635!2m3!1f0!2f0!3f0!3m2!1i1024!2i768!4f13.1!3m3!1m2!1s0x12a49ae907a8edd1%3A0x7007a0ac248a2890!2sJ.F.%20Valls!5e0!3m2!1ses!2ses!4v1719922566867!5m2!1ses!2ses\" width=\"600\" height=\"450\" style=\"border:0;\" allowfullscreen=\"\" loading=\"lazy\" referrerpolicy=\"no-referrer-when-downgrade\"><\/iframe><\/p>\n\t\t\t\t\t\t<\/div>\n\t\t\t\t<\/div>\n\t\t\t\t<\/div>\n\t\t\t\t<section class=\"elementor-section elementor-top-section elementor-element elementor-element-702b461 elementor-section-stretched elementor-section-boxed elementor-section-height-default elementor-section-height-default\" data-id=\"702b461\" data-element_type=\"section\" data-settings=\"{&quot;stretch_section&quot;:&quot;section-stretched&quot;,&quot;background_background&quot;:&quot;classic&quot;,&quot;background_motion_fx_motion_fx_scrolling&quot;:&quot;yes&quot;,&quot;background_motion_fx_devices&quot;:[&quot;desktop&quot;,&quot;tablet&quot;,&quot;mobile&quot;]}\">\n\t\t\t\t\t\t<div class=\"elementor-container elementor-column-gap-wider\">\n\t\t\t\t\t<div class=\"elementor-column elementor-col-50 elementor-top-column elementor-element elementor-element-a82d9ae elementor-hidden-tablet elementor-hidden-mobile\" data-id=\"a82d9ae\" data-element_type=\"column\">\n\t\t\t<div class=\"elementor-widget-wrap\">\n\t\t\t\t\t\t\t<\/div>\n\t\t<\/div>\n\t\t\t\t<div class=\"elementor-column elementor-col-50 elementor-top-column elementor-element elementor-element-9148edb\" data-id=\"9148edb\" data-element_type=\"column\">\n\t\t\t<div class=\"elementor-widget-wrap elementor-element-populated\">\n\t\t\t\t\t\t<section class=\"elementor-section elementor-inner-section elementor-element elementor-element-32e89e1 elementor-section-boxed elementor-section-height-default elementor-section-height-default\" data-id=\"32e89e1\" data-element_type=\"section\" data-settings=\"{&quot;background_background&quot;:&quot;classic&quot;}\">\n\t\t\t\t\t\t<div class=\"elementor-container elementor-column-gap-default\">\n\t\t\t\t\t<div class=\"elementor-column elementor-col-100 elementor-inner-column elementor-element elementor-element-55df23e\" data-id=\"55df23e\" data-element_type=\"column\">\n\t\t\t<div class=\"elementor-widget-wrap elementor-element-populated\">\n\t\t\t\t\t\t<div class=\"elementor-element elementor-element-ee53c31 elementor-widget elementor-widget-text-editor\" data-id=\"ee53c31\" data-element_type=\"widget\" data-widget_type=\"text-editor.default\">\n\t\t\t\t<div class=\"elementor-widget-container\">\n\t\t\t\t\t\t\t<p><strong>Para m\u00e1s informaci\u00f3n, cont\u00e1ctanos<\/strong> sin compromiso.<\/p><p>info@jfvalls.com o<br \/>93 656 2962<\/p>\t\t\t\t\t\t<\/div>\n\t\t\t\t<\/div>\n\t\t\t\t<div class=\"elementor-element elementor-element-0de8496 elementor-widget elementor-widget-text-editor\" data-id=\"0de8496\" data-element_type=\"widget\" data-widget_type=\"text-editor.default\">\n\t\t\t\t<div class=\"elementor-widget-container\">\n\t\t\t\t\t\t\t<p>Tambi\u00e9n puedes concertar visita en nuestras oficinas:<br \/>C\/ \u00c0ngel Guimer\u00e0 2, Sant Vicen\u00e7 dels Horts, Barcelona (08620)<\/p>\t\t\t\t\t\t<\/div>\n\t\t\t\t<\/div>\n\t\t\t\t<div class=\"elementor-element elementor-element-31b663a elementor-widget elementor-widget-spacer\" data-id=\"31b663a\" data-element_type=\"widget\" data-widget_type=\"spacer.default\">\n\t\t\t\t<div class=\"elementor-widget-container\">\n\t\t\t\t\t<div class=\"elementor-spacer\">\n\t\t\t<div class=\"elementor-spacer-inner\"><\/div>\n\t\t<\/div>\n\t\t\t\t<\/div>\n\t\t\t\t<\/div>\n\t\t\t\t\t<\/div>\n\t\t<\/div>\n\t\t\t\t\t<\/div>\n\t\t<\/section>\n\t\t\t\t\t<\/div>\n\t\t<\/div>\n\t\t\t\t\t<\/div>\n\t\t<\/section>\n\t\t\t\t<\/div>\n\t\t","protected":false},"excerpt":{"rendered":"<p>Contacto Solicite informaci\u00f3n de nuestras promociones Si tienes un proyecto, no lo dudes, solicita informaci\u00f3n sin compromiso. Tel\u00e9fono y Whatsapp: 93 656 29 62 Para m\u00e1s<span class=\"excerpt-hellip\"> [\u2026]<\/span><\/p>\n","protected":false},"author":7,"featured_media":0,"parent":0,"menu_order":700,"comment_status":"closed","ping_status":"closed","template":"","meta":{"_joinchat":[],"footnotes":""},"class_list":["post-1511","page","type-page","status-publish","hentry"],"yoast_head":"<!-- This site is optimized with the Yoast SEO plugin v24.0 - https:\/\/yoast.com\/wordpress\/plugins\/seo\/ -->\n<title>Contacto - J.F. VALLS, construcci\u00f3, obres, reformes, cases, en sant vicens horts<\/title>\n<meta name=\"robots\" content=\"index, follow, max-snippet:-1, max-image-preview:large, max-video-preview:-1\" \/>\n<link rel=\"canonical\" href=\"https:\/\/www.jfvalls.com\/contacte\/\" \/>\n<meta property=\"og:locale\" content=\"es_ES\" \/>\n<meta property=\"og:type\" content=\"article\" \/>\n<meta property=\"og:title\" content=\"Contacto - J.F. VALLS, construcci\u00f3, obres, reformes, cases, en sant vicens horts\" \/>\n<meta property=\"og:description\" content=\"Contacto Solicite informaci\u00f3n de nuestras promociones Si tienes un proyecto, no lo dudes, solicita informaci\u00f3n sin compromiso. Tel\u00e9fono y Whatsapp: 93 656 29 62 Para m\u00e1s [\u2026]\" \/>\n<meta property=\"og:url\" content=\"https:\/\/www.jfvalls.com\/contacte\/\" \/>\n<meta property=\"og:site_name\" content=\"J.F. VALLS, construcci\u00f3, obres, reformes, cases, en sant vicens horts\" \/>\n<meta property=\"article:modified_time\" content=\"2024-10-29T09:47:22+00:00\" \/>\n<meta name=\"twitter:card\" content=\"summary_large_image\" \/>\n<meta name=\"twitter:label1\" content=\"Tiempo de lectura\" \/>\n\t<meta name=\"twitter:data1\" content=\"1 minuto\" \/>\n<script type=\"application\/ld+json\" class=\"yoast-schema-graph\">{\"@context\":\"https:\/\/schema.org\",\"@graph\":[{\"@type\":\"WebPage\",\"@id\":\"https:\/\/www.jfvalls.com\/contacte\/\",\"url\":\"https:\/\/www.jfvalls.com\/contacte\/\",\"name\":\"Contacto - J.F. VALLS, construcci\u00f3, obres, reformes, cases, en sant vicens horts\",\"isPartOf\":{\"@id\":\"https:\/\/www.jfvalls.com\/#website\"},\"datePublished\":\"2023-10-20T07:39:53+00:00\",\"dateModified\":\"2024-10-29T09:47:22+00:00\",\"breadcrumb\":{\"@id\":\"https:\/\/www.jfvalls.com\/contacte\/#breadcrumb\"},\"inLanguage\":\"es\",\"potentialAction\":[{\"@type\":\"ReadAction\",\"target\":[\"https:\/\/www.jfvalls.com\/contacte\/\"]}]},{\"@type\":\"BreadcrumbList\",\"@id\":\"https:\/\/www.jfvalls.com\/contacte\/#breadcrumb\",\"itemListElement\":[{\"@type\":\"ListItem\",\"position\":1,\"name\":\"Home\",\"item\":\"https:\/\/www.jfvalls.com\/es\/\"},{\"@type\":\"ListItem\",\"position\":2,\"name\":\"Contacto\"}]},{\"@type\":\"WebSite\",\"@id\":\"https:\/\/www.jfvalls.com\/#website\",\"url\":\"https:\/\/www.jfvalls.com\/\",\"name\":\"J.F. VALLS, construcci\u00f3, obres, reformes, cases, en sant vicens horts\",\"description\":\"J.F. VALLS, construcci\u00f3, reformes, construcci\u00f3 cases, reformes pisos, en sant vicens horts\",\"publisher\":{\"@id\":\"https:\/\/www.jfvalls.com\/#organization\"},\"potentialAction\":[{\"@type\":\"SearchAction\",\"target\":{\"@type\":\"EntryPoint\",\"urlTemplate\":\"https:\/\/www.jfvalls.com\/?s={search_term_string}\"},\"query-input\":{\"@type\":\"PropertyValueSpecification\",\"valueRequired\":true,\"valueName\":\"search_term_string\"}}],\"inLanguage\":\"es\"},{\"@type\":\"Organization\",\"@id\":\"https:\/\/www.jfvalls.com\/#organization\",\"name\":\"afondos.com\",\"url\":\"https:\/\/www.jfvalls.com\/\",\"logo\":{\"@type\":\"ImageObject\",\"inLanguage\":\"es\",\"@id\":\"https:\/\/www.jfvalls.com\/#\/schema\/logo\/image\/\",\"url\":\"https:\/\/www.jfvalls.com\/wp-content\/uploads\/2022\/07\/afondo-round.png\",\"contentUrl\":\"https:\/\/www.jfvalls.com\/wp-content\/uploads\/2022\/07\/afondo-round.png\",\"width\":85,\"height\":89,\"caption\":\"afondos.com\"},\"image\":{\"@id\":\"https:\/\/www.jfvalls.com\/#\/schema\/logo\/image\/\"}}]}<\/script>\n<!-- \/ Yoast SEO plugin. -->","yoast_head_json":{"title":"Contacto - J.F. VALLS, construcci\u00f3, obres, reformes, cases, en sant vicens horts","robots":{"index":"index","follow":"follow","max-snippet":"max-snippet:-1","max-image-preview":"max-image-preview:large","max-video-preview":"max-video-preview:-1"},"canonical":"https:\/\/www.jfvalls.com\/contacte\/","og_locale":"es_ES","og_type":"article","og_title":"Contacto - J.F. VALLS, construcci\u00f3, obres, reformes, cases, en sant vicens horts","og_description":"Contacto Solicite informaci\u00f3n de nuestras promociones Si tienes un proyecto, no lo dudes, solicita informaci\u00f3n sin compromiso. Tel\u00e9fono y Whatsapp: 93 656 29 62 Para m\u00e1s [\u2026]","og_url":"https:\/\/www.jfvalls.com\/contacte\/","og_site_name":"J.F. VALLS, construcci\u00f3, obres, reformes, cases, en sant vicens horts","article_modified_time":"2024-10-29T09:47:22+00:00","twitter_card":"summary_large_image","twitter_misc":{"Tiempo de lectura":"1 minuto"},"schema":{"@context":"https:\/\/schema.org","@graph":[{"@type":"WebPage","@id":"https:\/\/www.jfvalls.com\/contacte\/","url":"https:\/\/www.jfvalls.com\/contacte\/","name":"Contacto - J.F. VALLS, construcci\u00f3, obres, reformes, cases, en sant vicens horts","isPartOf":{"@id":"https:\/\/www.jfvalls.com\/#website"},"datePublished":"2023-10-20T07:39:53+00:00","dateModified":"2024-10-29T09:47:22+00:00","breadcrumb":{"@id":"https:\/\/www.jfvalls.com\/contacte\/#breadcrumb"},"inLanguage":"es","potentialAction":[{"@type":"ReadAction","target":["https:\/\/www.jfvalls.com\/contacte\/"]}]},{"@type":"BreadcrumbList","@id":"https:\/\/www.jfvalls.com\/contacte\/#breadcrumb","itemListElement":[{"@type":"ListItem","position":1,"name":"Home","item":"https:\/\/www.jfvalls.com\/es\/"},{"@type":"ListItem","position":2,"name":"Contacto"}]},{"@type":"WebSite","@id":"https:\/\/www.jfvalls.com\/#website","url":"https:\/\/www.jfvalls.com\/","name":"J.F. VALLS, construcci\u00f3, obres, reformes, cases, en sant vicens horts","description":"J.F. VALLS, construcci\u00f3, reformes, construcci\u00f3 cases, reformes pisos, en sant vicens horts","publisher":{"@id":"https:\/\/www.jfvalls.com\/#organization"},"potentialAction":[{"@type":"SearchAction","target":{"@type":"EntryPoint","urlTemplate":"https:\/\/www.jfvalls.com\/?s={search_term_string}"},"query-input":{"@type":"PropertyValueSpecification","valueRequired":true,"valueName":"search_term_string"}}],"inLanguage":"es"},{"@type":"Organization","@id":"https:\/\/www.jfvalls.com\/#organization","name":"afondos.com","url":"https:\/\/www.jfvalls.com\/","logo":{"@type":"ImageObject","inLanguage":"es","@id":"https:\/\/www.jfvalls.com\/#\/schema\/logo\/image\/","url":"https:\/\/www.jfvalls.com\/wp-content\/uploads\/2022\/07\/afondo-round.png","contentUrl":"https:\/\/www.jfvalls.com\/wp-content\/uploads\/2022\/07\/afondo-round.png","width":85,"height":89,"caption":"afondos.com"},"image":{"@id":"https:\/\/www.jfvalls.com\/#\/schema\/logo\/image\/"}}]}},"_links":{"self":[{"href":"https:\/\/www.jfvalls.com\/es\/wp-json\/wp\/v2\/pages\/1511"}],"collection":[{"href":"https:\/\/www.jfvalls.com\/es\/wp-json\/wp\/v2\/pages"}],"about":[{"href":"https:\/\/www.jfvalls.com\/es\/wp-json\/wp\/v2\/types\/page"}],"author":[{"embeddable":true,"href":"https:\/\/www.jfvalls.com\/es\/wp-json\/wp\/v2\/users\/7"}],"replies":[{"embeddable":true,"href":"https:\/\/www.jfvalls.com\/es\/wp-json\/wp\/v2\/comments?post=1511"}],"version-history":[{"count":36,"href":"https:\/\/www.jfvalls.com\/es\/wp-json\/wp\/v2\/pages\/1511\/revisions"}],"predecessor-version":[{"id":2684,"href":"https:\/\/www.jfvalls.com\/es\/wp-json\/wp\/v2\/pages\/1511\/revisions\/2684"}],"wp:attachment":[{"href":"https:\/\/www.jfvalls.com\/es\/wp-json\/wp\/v2\/media?parent=1511"}],"curies":[{"name":"wp","href":"https:\/\/api.w.org\/{rel}","templated":true}]}}